{"id":126,"date":"2023-09-26T12:10:59","date_gmt":"2023-09-26T10:10:59","guid":{"rendered":"https:\/\/yasmincarvalho.com\/?page_id=126"},"modified":"2024-11-03T20:11:18","modified_gmt":"2024-11-03T19:11:18","slug":"nosotros","status":"publish","type":"page","link":"https:\/\/yasmincarvalho.com\/index.php\/nosotros\/","title":{"rendered":"NOSOTROS"},"content":{"rendered":"\t\t<div data-elementor-type=\"wp-page\" data-elementor-id=\"126\" class=\"elementor elementor-126\" data-elementor-settings=\"{&quot;ha_cmc_init_switcher&quot;:&quot;no&quot;}\">\n\t\t\t\t<div class=\"elementor-element elementor-element-8a48aa4 e-con-full e-flex e-con e-parent\" data-id=\"8a48aa4\" data-element_type=\"container\" data-settings=\"{&quot;background_background&quot;:&quot;classic&quot;,&quot;_ha_eqh_enable&quot;:false}\">\n\t\t<div class=\"elementor-element elementor-element-7bc752d e-con-full e-flex e-con e-child\" data-id=\"7bc752d\" data-element_type=\"container\" data-settings=\"{&quot;_ha_eqh_enable&quot;:false}\">\n\t\t\t\t<div class=\"elementor-element elementor-element-bfdef45 elementor-widget elementor-widget-image\" data-id=\"bfdef45\" data-element_type=\"widget\" data-widget_type=\"image.default\">\n\t\t\t\t<div class=\"elementor-widget-container\">\n\t\t\t\t\t\t\t\t\t\t\t\t\t\t\t<img fetchpriority=\"high\" decoding=\"async\" width=\"683\" height=\"1024\" src=\"https:\/\/yasmincarvalho.com\/wp-content\/uploads\/2023\/09\/Yasmin-Carvalho_17.07.23_LCF_108.jpg\" class=\"attachment-large size-large wp-image-343\" alt=\"\" srcset=\"https:\/\/yasmincarvalho.com\/wp-content\/uploads\/2023\/09\/Yasmin-Carvalho_17.07.23_LCF_108.jpg 683w, https:\/\/yasmincarvalho.com\/wp-content\/uploads\/2023\/09\/Yasmin-Carvalho_17.07.23_LCF_108-200x300.jpg 200w\" sizes=\"(max-width: 683px) 100vw, 683px\" \/>\t\t\t\t\t\t\t\t\t\t\t\t\t\t\t<\/div>\n\t\t\t\t<\/div>\n\t\t\t\t<\/div>\n\t\t<div class=\"elementor-element elementor-element-acf6051 e-con-full e-flex e-con e-child\" data-id=\"acf6051\" data-element_type=\"container\" data-settings=\"{&quot;_ha_eqh_enable&quot;:false}\">\n\t\t\t\t<div class=\"elementor-element elementor-element-56d4b23 elementor-widget elementor-widget-text-editor\" data-id=\"56d4b23\" data-element_type=\"widget\" data-widget_type=\"text-editor.default\">\n\t\t\t\t<div class=\"elementor-widget-container\">\n\t\t\t\t\t\t\t\t\t<p>\u00a1Hola! Soy Yasmin Nunes Carvalho, dise\u00f1adora de Moda y designer gr\u00e1fico, qui\u00e9n est\u00e1 al frente de este estudio art\u00edstico. Creativa, hispano-brasile\u00f1a, curiosa y llena de energ\u00eda. Licenciada en Dise\u00f1o de Moda, Asesor\u00eda de Imagen Personal, Comunicaci\u00f3n y Marketing para Moda y Lujo. Ya trabaj\u00e9 haciendo muchas cosas como tocados, ilustraciones, dise\u00f1o gr\u00e1fico, uniformes deportivos y tuve una marca de moda unisex.<\/p>\n<p>Hoy trabajo en mi estudio, donde encontrar\u00e1s mi mundo, mis trabajos, procesos y productos. Desarrollados con todo cari\u00f1o, y al detalle, para que lleves la creatividad a tu vida.<\/p>\n<p>Nuestros productos son de producci\u00f3n bajo demanda, eso quiere decir que se fabrican bajo pedido. Lleva un poquito m\u00e1s de tiempo porque son pintados a mano, uno a uno, pero eso es tambi\u00e9n lo que lo hace m\u00e1s especial. Te aseguro que la espera vale la pena.<\/p>\n<p>Tenemos diferentes gamas de productos, desde un recuerdo especial para la comuni\u00f3n o boda, como un regalo corporativo de fin de a\u00f1o para tus empleados. Regalar un detalle con cari\u00f1o y atenci\u00f3n puede ser muy f\u00e1cil si lo hacemos juntos.<\/p>\t\t\t\t\t\t\t\t<\/div>\n\t\t\t\t<\/div>\n\t\t\t\t<\/div>\n\t\t\t\t<\/div>\n\t\t<div class=\"elementor-element elementor-element-08aa268 e-con-full e-flex e-con e-parent\" data-id=\"08aa268\" data-element_type=\"container\" data-settings=\"{&quot;background_background&quot;:&quot;classic&quot;,&quot;_ha_eqh_enable&quot;:false}\">\n\t\t<div class=\"elementor-element elementor-element-44fe3c3 e-con-full e-flex e-con e-child\" data-id=\"44fe3c3\" data-element_type=\"container\" data-settings=\"{&quot;_ha_eqh_enable&quot;:false}\">\n\t\t\t\t<div class=\"elementor-element elementor-element-0226e34 elementor-widget elementor-widget-heading\" data-id=\"0226e34\" data-element_type=\"widget\" data-widget_type=\"heading.default\">\n\t\t\t\t<div class=\"elementor-widget-container\">\n\t\t\t\t\t<h2 class=\"elementor-heading-title elementor-size-default\">\u00bfHABLAMOS?<\/h2>\t\t\t\t<\/div>\n\t\t\t\t<\/div>\n\t\t\t\t<div class=\"elementor-element elementor-element-6f063da elementor-widget elementor-widget-text-editor\" data-id=\"6f063da\" data-element_type=\"widget\" data-widget_type=\"text-editor.default\">\n\t\t\t\t<div class=\"elementor-widget-container\">\n\t\t\t\t\t\t\t\t\t<p>Si quieres que hablemos sobre alg\u00fan proyecto en el que podamos colaborar, escr\u00edbeme a continuaci\u00f3n o cont\u00e1ctame a trav\u00e9s del email pedidos@yasmincarvalho.com o tel\u00e9fono +34 645 177 501 (WhatsApp o llamada) y te contestar\u00e9 tan pronto como sea posible. \u00a1Muchas gracias!<\/p>\t\t\t\t\t\t\t\t<\/div>\n\t\t\t\t<\/div>\n\t\t\t\t<\/div>\n\t\t<div class=\"elementor-element elementor-element-1ce3cca e-con-full e-flex e-con e-child\" data-id=\"1ce3cca\" data-element_type=\"container\" data-settings=\"{&quot;_ha_eqh_enable&quot;:false}\">\n\t\t\t\t<div class=\"elementor-element elementor-element-b0c7178 elementor-widget elementor-widget-image\" data-id=\"b0c7178\" data-element_type=\"widget\" data-widget_type=\"image.default\">\n\t\t\t\t<div class=\"elementor-widget-container\">\n\t\t\t\t\t\t\t\t\t\t\t\t\t\t\t<img decoding=\"async\" width=\"1024\" height=\"683\" src=\"https:\/\/yasmincarvalho.com\/wp-content\/uploads\/2023\/10\/Yasmin-Carvalho_17.07.23_LCF_96.jpg\" class=\"attachment-full size-full wp-image-648\" alt=\"\" srcset=\"https:\/\/yasmincarvalho.com\/wp-content\/uploads\/2023\/10\/Yasmin-Carvalho_17.07.23_LCF_96.jpg 1024w, https:\/\/yasmincarvalho.com\/wp-content\/uploads\/2023\/10\/Yasmin-Carvalho_17.07.23_LCF_96-300x200.jpg 300w, https:\/\/yasmincarvalho.com\/wp-content\/uploads\/2023\/10\/Yasmin-Carvalho_17.07.23_LCF_96-768x512.jpg 768w\" sizes=\"(max-width: 1024px) 100vw, 1024px\" \/>\t\t\t\t\t\t\t\t\t\t\t\t\t\t\t<\/div>\n\t\t\t\t<\/div>\n\t\t\t\t<\/div>\n\t\t\t\t<\/div>\n\t\t<div class=\"elementor-element elementor-element-6d95306 e-flex e-con-boxed e-con e-parent\" data-id=\"6d95306\" data-element_type=\"container\" id=\"contacto\" data-settings=\"{&quot;background_background&quot;:&quot;classic&quot;,&quot;_ha_eqh_enable&quot;:false}\">\n\t\t\t\t\t<div class=\"e-con-inner\">\n\t\t\t\t<div class=\"elementor-element elementor-element-a0bd1bd eael-wpforms-labels-yes eael-wpforms-form-button-custom elementor-widget elementor-widget-eael-wpforms\" data-id=\"a0bd1bd\" data-element_type=\"widget\" data-widget_type=\"eael-wpforms.default\">\n\t\t\t\t<div class=\"elementor-widget-container\">\n\t\t\t\t\t            <div class=\"eael-contact-form eael-wpforms title-description-hide eael-wpforms-align-center\">\n                                    <div class=\"eael-wpforms-heading\">\n                                                                    <\/div>\n                                <div class=\"wpforms-container wpforms-container-full wpforms-render-modern\" id=\"wpforms-150\"><form id=\"wpforms-form-150\" class=\"wpforms-validate wpforms-form wpforms-ajax-form\" data-formid=\"150\" method=\"post\" enctype=\"multipart\/form-data\" action=\"\/index.php\/wp-json\/wp\/v2\/pages\/126\" data-token=\"49845f83fc48b592d1c6d48dbdf7a56a\"><noscript class=\"wpforms-error-noscript\">Por favor, activa JavaScript en tu navegador para completar este formulario.<\/noscript><div class=\"wpforms-hidden\" id=\"wpforms-error-noscript\">Por favor, activa JavaScript en tu navegador para completar este formulario.<\/div><div class=\"wpforms-field-container\"><div id=\"wpforms-150-field_0-container\" class=\"wpforms-field wpforms-field-name\" data-field-id=\"0\"><fieldset><legend class=\"wpforms-field-label\">NOMBRE <span class=\"wpforms-required-label\" aria-hidden=\"true\">*<\/span><\/legend><div class=\"wpforms-field-row wpforms-field-large\"><div class=\"wpforms-field-row-block wpforms-first wpforms-one-half\"><input type=\"text\" id=\"wpforms-150-field_0\" class=\"wpforms-field-name-first wpforms-field-required\" name=\"wpforms[fields][0][first]\" aria-errormessage=\"wpforms-150-field_0-error\" required><label for=\"wpforms-150-field_0\" class=\"wpforms-field-sublabel after \">Nombre<\/label><\/div><div class=\"wpforms-field-row-block wpforms-one-half\"><input type=\"text\" id=\"wpforms-150-field_0-last\" class=\"wpforms-field-name-last wpforms-field-required\" name=\"wpforms[fields][0][last]\" aria-errormessage=\"wpforms-150-field_0-last-error\" required><label for=\"wpforms-150-field_0-last\" class=\"wpforms-field-sublabel after \">Apellidos<\/label><\/div><\/div><\/fieldset><\/div><div id=\"wpforms-150-field_17-container\" class=\"wpforms-field wpforms-field-text\" data-field-id=\"17\"><label class=\"wpforms-field-label\" for=\"wpforms-150-field_17\">CORREO ELECTR\u00d3NICO <span class=\"wpforms-required-label\" aria-hidden=\"true\">*<\/span><\/label><input type=\"text\" id=\"wpforms-150-field_17\" class=\"wpforms-field-medium wpforms-field-required\" name=\"wpforms[fields][17]\" aria-errormessage=\"wpforms-150-field_17-error\" required><\/div><div id=\"wpforms-150-field_4-container\" class=\"wpforms-field wpforms-field-text\" data-field-id=\"4\"><label class=\"wpforms-field-label\" for=\"wpforms-150-field_4\">TEL\u00c9FONO<\/label><input type=\"text\" id=\"wpforms-150-field_4\" class=\"wpforms-field-medium\" name=\"wpforms[fields][4]\" aria-errormessage=\"wpforms-150-field_4-error\" aria-describedby=\"wpforms-150-field_4-description\" ><div id=\"wpforms-150-field_4-description\" class=\"wpforms-field-description\">+XXX XXX XXX XXX<\/div><\/div><div id=\"wpforms-150-field_7-container\" class=\"wpforms-field wpforms-field-checkbox\" data-field-id=\"7\"><fieldset><legend class=\"wpforms-field-label\">\u00bfEn qu\u00e9 est\u00e1s interesado? <span class=\"wpforms-required-label\" aria-hidden=\"true\">*<\/span><\/legend><ul id=\"wpforms-150-field_7\" class=\"wpforms-field-required\"><li class=\"choice-2 depth-1\"><input type=\"checkbox\" id=\"wpforms-150-field_7_2\" name=\"wpforms[fields][7][]\" value=\"Copas Personalizadas\" aria-errormessage=\"wpforms-150-field_7_2-error\" required ><label class=\"wpforms-field-label-inline\" for=\"wpforms-150-field_7_2\">Copas Personalizadas<\/label><\/li><li class=\"choice-4 depth-1\"><input type=\"checkbox\" id=\"wpforms-150-field_7_4\" name=\"wpforms[fields][7][]\" value=\"Bodas\" aria-errormessage=\"wpforms-150-field_7_4-error\" required ><label class=\"wpforms-field-label-inline\" for=\"wpforms-150-field_7_4\">Bodas<\/label><\/li><li class=\"choice-13 depth-1\"><input type=\"checkbox\" id=\"wpforms-150-field_7_13\" name=\"wpforms[fields][7][]\" value=\"Talleres \/ Workshops\" aria-errormessage=\"wpforms-150-field_7_13-error\" required ><label class=\"wpforms-field-label-inline\" for=\"wpforms-150-field_7_13\">Talleres \/ Workshops<\/label><\/li><li class=\"choice-12 depth-1\"><input type=\"checkbox\" id=\"wpforms-150-field_7_12\" name=\"wpforms[fields][7][]\" value=\"Kits Especiales\" aria-errormessage=\"wpforms-150-field_7_12-error\" required ><label class=\"wpforms-field-label-inline\" for=\"wpforms-150-field_7_12\">Kits Especiales<\/label><\/li><li class=\"choice-3 depth-1\"><input type=\"checkbox\" id=\"wpforms-150-field_7_3\" name=\"wpforms[fields][7][]\" value=\"Regalos para bautizos, baby shower o primera\u00a0comuni\u00f3n\" aria-errormessage=\"wpforms-150-field_7_3-error\" required ><label class=\"wpforms-field-label-inline\" for=\"wpforms-150-field_7_3\">Regalos para bautizos, baby shower o primera\u00a0comuni\u00f3n<\/label><\/li><li class=\"choice-1 depth-1\"><input type=\"checkbox\" id=\"wpforms-150-field_7_1\" name=\"wpforms[fields][7][]\" value=\"Acuarelas\" aria-errormessage=\"wpforms-150-field_7_1-error\" required ><label class=\"wpforms-field-label-inline\" for=\"wpforms-150-field_7_1\">Acuarelas<\/label><\/li><li class=\"choice-11 depth-1\"><input type=\"checkbox\" id=\"wpforms-150-field_7_11\" name=\"wpforms[fields][7][]\" value=\"Otros\" aria-errormessage=\"wpforms-150-field_7_11-error\" required ><label class=\"wpforms-field-label-inline\" for=\"wpforms-150-field_7_11\">Otros<\/label><\/li><\/ul><\/fieldset><\/div><div id=\"wpforms-150-field_16-container\" class=\"wpforms-field wpforms-field-checkbox\" data-field-id=\"16\"><fieldset><legend class=\"wpforms-field-label\">\u00bfC\u00f3mo llegaste hasta\u00a0mi?<\/legend><ul id=\"wpforms-150-field_16\"><li class=\"choice-1 depth-1\"><input type=\"checkbox\" id=\"wpforms-150-field_16_1\" name=\"wpforms[fields][16][]\" value=\"Recomendaci\u00f3n amigo\" aria-errormessage=\"wpforms-150-field_16_1-error\"  ><label class=\"wpforms-field-label-inline\" for=\"wpforms-150-field_16_1\">Recomendaci\u00f3n amigo<\/label><\/li><li class=\"choice-2 depth-1\"><input type=\"checkbox\" id=\"wpforms-150-field_16_2\" name=\"wpforms[fields][16][]\" value=\"Redes Sociales\" aria-errormessage=\"wpforms-150-field_16_2-error\"  ><label class=\"wpforms-field-label-inline\" for=\"wpforms-150-field_16_2\">Redes Sociales<\/label><\/li><li class=\"choice-4 depth-1\"><input type=\"checkbox\" id=\"wpforms-150-field_16_4\" name=\"wpforms[fields][16][]\" value=\"Bodas.net\" aria-errormessage=\"wpforms-150-field_16_4-error\"  ><label class=\"wpforms-field-label-inline\" for=\"wpforms-150-field_16_4\">Bodas.net<\/label><\/li><li class=\"choice-3 depth-1\"><input type=\"checkbox\" id=\"wpforms-150-field_16_3\" name=\"wpforms[fields][16][]\" value=\"Telva Novias\" aria-errormessage=\"wpforms-150-field_16_3-error\"  ><label class=\"wpforms-field-label-inline\" for=\"wpforms-150-field_16_3\">Telva Novias<\/label><\/li><li class=\"choice-10 depth-1\"><input type=\"checkbox\" id=\"wpforms-150-field_16_10\" name=\"wpforms[fields][16][]\" value=\"Otros\" aria-errormessage=\"wpforms-150-field_16_10-error\"  ><label class=\"wpforms-field-label-inline\" for=\"wpforms-150-field_16_10\">Otros<\/label><\/li><\/ul><\/fieldset><\/div><div id=\"wpforms-150-field_21-container\" class=\"wpforms-field wpforms-field-textarea\" data-field-id=\"21\"><label class=\"wpforms-field-label\" for=\"wpforms-150-field_21\">Coment\u00e1rio o mensaje<\/label><textarea id=\"wpforms-150-field_21\" class=\"wpforms-field-medium\" name=\"wpforms[fields][21]\" aria-errormessage=\"wpforms-150-field_21-error\" ><\/textarea><\/div><div id=\"wpforms-150-field_22-container\" class=\"wpforms-field wpforms-field-checkbox\" data-field-id=\"22\"><fieldset><legend class=\"wpforms-field-label\"> <span class=\"wpforms-required-label\" aria-hidden=\"true\">*<\/span><\/legend><ul id=\"wpforms-150-field_22\" class=\"wpforms-field-required\"><li class=\"choice-1 depth-1\"><input type=\"checkbox\" id=\"wpforms-150-field_22_1\" name=\"wpforms[fields][22][]\" value=\"Autorizo la recogida y tratamiento de mis datos personales, con fines de realizaci\u00f3n de acciones de informaci\u00f3n, marketing directo y presentaci\u00f3n de propuestas\u00a0comerciales.\" aria-errormessage=\"wpforms-150-field_22_1-error\" required ><label class=\"wpforms-field-label-inline\" for=\"wpforms-150-field_22_1\">Autorizo la recogida y tratamiento de mis datos personales, con fines de realizaci\u00f3n de acciones de informaci\u00f3n, marketing directo y presentaci\u00f3n de propuestas\u00a0comerciales.<\/label><\/li><\/ul><\/fieldset><\/div><\/div><!-- .wpforms-field-container --><div class=\"wpforms-submit-container\" ><input type=\"hidden\" name=\"wpforms[id]\" value=\"150\"><input type=\"hidden\" name=\"wpforms[author]\" value=\"1\"><button type=\"submit\" name=\"wpforms[submit]\" id=\"wpforms-submit-150\" class=\"wpforms-submit\" data-alt-text=\"Sending...\" data-submit-text=\"ENVIAR\" aria-live=\"assertive\" value=\"wpforms-submit\">ENVIAR<\/button><img decoding=\"async\" src=\"https:\/\/yasmincarvalho.com\/wp-content\/plugins\/wpforms-lite\/assets\/images\/submit-spin.svg\" class=\"wpforms-submit-spinner\" style=\"display: none;\" width=\"26\" height=\"26\" alt=\"Cargando\"><\/div><\/form><\/div>  <!-- .wpforms-container -->            <\/div>\n\t\t\t\t<\/div>\n\t\t\t\t<\/div>\n\t\t\t\t\t<\/div>\n\t\t\t\t<\/div>\n\t\t\t\t<\/div>\n\t\t","protected":false},"excerpt":{"rendered":"<p>\u00a1Hola! Soy Yasmin Nunes Carvalho, dise\u00f1adora de Moda y designer gr\u00e1fico, qui\u00e9n est\u00e1 al frente de este estudio art\u00edstico. Creativa, hispano-brasile\u00f1a, curiosa y llena de energ\u00eda. Licenciada en Dise\u00f1o de Moda, Asesor\u00eda de Imagen Personal, Comunicaci\u00f3n y Marketing para Moda y Lujo. Ya trabaj\u00e9 haciendo muchas cosas como tocados, ilustraciones, dise\u00f1o gr\u00e1fico, uniformes deportivos y &hellip;<\/p>\n<p class=\"read-more\"> <a class=\"\" href=\"https:\/\/yasmincarvalho.com\/index.php\/nosotros\/\"> <span class=\"screen-reader-text\">NOSOTROS<\/span> Leer m\u00e1s &raquo;<\/a><\/p>\n","protected":false},"author":1,"featured_media":0,"parent":0,"menu_order":0,"comment_status":"closed","ping_status":"closed","template":"","meta":{"site-sidebar-layout":"no-sidebar","site-content-layout":"","ast-site-content-layout":"full-width-container","site-content-style":"default","site-sidebar-style":"default","ast-global-header-display":"","ast-banner-title-visibility":"","ast-main-header-display":"","ast-hfb-above-header-display":"","ast-hfb-below-header-display":"","ast-hfb-mobile-header-display":"","site-post-title":"disabled","ast-breadcrumbs-content":"","ast-featured-img":"disabled","footer-sml-layout":"","theme-transparent-header-meta":"","adv-header-id-meta":"","stick-header-meta":"","header-above-stick-meta":"","header-main-stick-meta":"","header-below-stick-meta":"","astra-migrate-meta-layouts":"","_themeisle_gutenberg_block_has_review":false,"footnotes":""},"_links":{"self":[{"href":"https:\/\/yasmincarvalho.com\/index.php\/wp-json\/wp\/v2\/pages\/126"}],"collection":[{"href":"https:\/\/yasmincarvalho.com\/index.php\/wp-json\/wp\/v2\/pages"}],"about":[{"href":"https:\/\/yasmincarvalho.com\/index.php\/wp-json\/wp\/v2\/types\/page"}],"author":[{"embeddable":true,"href":"https:\/\/yasmincarvalho.com\/index.php\/wp-json\/wp\/v2\/users\/1"}],"replies":[{"embeddable":true,"href":"https:\/\/yasmincarvalho.com\/index.php\/wp-json\/wp\/v2\/comments?post=126"}],"version-history":[{"count":97,"href":"https:\/\/yasmincarvalho.com\/index.php\/wp-json\/wp\/v2\/pages\/126\/revisions"}],"predecessor-version":[{"id":1000,"href":"https:\/\/yasmincarvalho.com\/index.php\/wp-json\/wp\/v2\/pages\/126\/revisions\/1000"}],"wp:attachment":[{"href":"https:\/\/yasmincarvalho.com\/index.php\/wp-json\/wp\/v2\/media?parent=126"}],"curies":[{"name":"wp","href":"https:\/\/api.w.org\/{rel}","templated":true}]}}